{"id":8497,"date":"2024-02-08T15:26:19","date_gmt":"2024-02-08T07:26:19","guid":{"rendered":"https:\/\/hassan-mart.com\/?post_type=product&#038;p=8497"},"modified":"2024-02-15T09:38:23","modified_gmt":"2024-02-15T01:38:23","slug":"saffron-yas-best-quality-1g-bottle-worlds-finest-saffron","status":"publish","type":"product","link":"https:\/\/hassan-mart.com\/index.php\/product\/saffron-yas-best-quality-1g-bottle-worlds-finest-saffron\/","title":{"rendered":"Saffron Yas Best Quality 1g Bottle World&#8217;s Finest Saffron"},"content":{"rendered":"<p>&#8220;Saffron YAS BEST QUALITY<\/p>\n<p>Using saffron as tea is a wonderful way to enjoy its subtle floral and honey-like flavor, along with its potential health benefits<\/p>\n<p>[ WHERE TO USE SAFFRON ]<\/p>\n<p>\u25c6 Rice dishes: Risotto alla Milanese, paella, biryani<br \/>\n\u25c6 Soups and stews: Bouillabaisse, fish soup, creamy vegetable soup<br \/>\n\u25c6 Desserts: Cr\u00e8me br\u00fbl\u00e9e, rice pudding, ice cream<br \/>\n\u25c6 Drinks: Saffron tea, milk, cocktails<br \/>\n\u25c6 Marinades: For fish, chicken, or lamb<\/p>\n<p>[ ADDING TO YOUR DISH ]<\/p>\n<p>\u25c6 Timing: Add saffron towards the end of cooking to prevent the delicate flavor from evaporating. For dishes with longer cooking times (stews, risottos), you can add it earlier, but avoid prolonged heat exposure.<br \/>\n\u25c6 Quantity: Less is more! Saffron is potent, so a little goes a long way. A general rule of thumb is 2-3 threads per serving or a pinch of powder. Overusing it can result in a bitter taste.<br \/>\n\u25c6 Direct addition: In dishes with ample liquid and simmering time (risotto, paella), you can directly add a pinch of saffron threads without steeping.<\/p>\n<p>[ USE SAFFRON AS A TEA ]<\/p>\n<p>\u25c6 Quantity: Start with a pinch of saffron threads (around 3-5) or a very small amount of powder (less than 1\/16 teaspoon) per serving. A little goes a long way!<\/p>\n<p>\u25c6 Steeping: To best extract the flavor and color, steep the saffron threads in warm water (around 80\u00b0C) for at least 30 minutes. Alternatively, you can crush the threads in a mortar and pestle with a pinch of sugar to release their potency and then add them directly to the water.<\/p>\n<p>\u25c6 Base: You can use plain water, but for a richer flavor, try using herbal teas like green tea, chamomile, or hibiscus. Milk, almond milk, or coconut milk can also be used for a creamy experience.<\/p>\n<p>\u25c6 Timing: Once the saffron has steeped, simply strain it into your chosen base and adjust the sweetness as desired with honey, dates, or agave nectar.&#8221;<\/p>\n","protected":false},"excerpt":{"rendered":"<p>&#8220;Saffron YAS BEST QUALITY Using saffron as tea is a wonderful way to enjoy its subtle floral and honey-like flavor, along with its potential health benefits [ WHERE TO USE SAFFRON ] \u25c6 Rice dishes: Risotto alla Milanese, paella, biryani \u25c6 Soups and stews: Bouillabaisse, fish soup, creamy vegetable soup \u25c6 Desserts: Cr\u00e8me br\u00fbl\u00e9e, rice [&hellip;]<\/p>\n","protected":false},"featured_media":8498,"comment_status":"open","ping_status":"closed","template":"","meta":{"_uag_custom_page_level_css":"","site-sidebar-layout":"default","site-content-layout":"default","ast-site-content-layout":"default","site-content-style":"default","site-sidebar-style":"default","ast-global-header-display":"","ast-banner-title-visibility":"","ast-main-header-display":"","ast-hfb-above-header-display":"","ast-hfb-below-header-display":"","ast-hfb-mobile-header-display":"","site-post-title":"","ast-breadcrumbs-content":"","ast-featured-img":"","footer-sml-layout":"","theme-transparent-header-meta":"default","adv-header-id-meta":"","stick-header-meta":"","header-above-stick-meta":"","header-main-stick-meta":"","header-below-stick-meta":"","astra-migrate-meta-layouts":"default","ast-page-background-enabled":"default","ast-page-background-meta":{"desktop":{"background-color":"var(--ast-global-color-4)","background-image":"","background-repeat":"repeat","background-position":"center center","background-size":"auto","background-attachment":"scroll","background-type":"","background-media":"","overlay-type":"","overlay-color":"","overlay-opacity":"","overlay-gradient":""},"tablet":{"background-color":"","background-image":"","background-repeat":"repeat","background-position":"center center","background-size":"auto","background-attachment":"scroll","background-type":"","background-media":"","overlay-type":"","overlay-color":"","overlay-opacity":"","overlay-gradient":""},"mobile":{"background-color":"","background-image":"","background-repeat":"repeat","background-position":"center center","background-size":"auto","background-attachment":"scroll","background-type":"","background-media":"","overlay-type":"","overlay-color":"","overlay-opacity":"","overlay-gradient":""}},"ast-content-background-meta":{"desktop":{"background-color":"var(--ast-global-color-5)","background-image":"","background-repeat":"repeat","background-position":"center center","background-size":"auto","background-attachment":"scroll","background-type":"","background-media":"","overlay-type":"","overlay-color":"","overlay-opacity":"","overlay-gradient":""},"tablet":{"background-color":"var(--ast-global-color-5)","background-image":"","background-repeat":"repeat","background-position":"center center","background-size":"auto","background-attachment":"scroll","background-type":"","background-media":"","overlay-type":"","overlay-color":"","overlay-opacity":"","overlay-gradient":""},"mobile":{"background-color":"var(--ast-global-color-5)","background-image":"","background-repeat":"repeat","background-position":"center center","background-size":"auto","background-attachment":"scroll","background-type":"","background-media":"","overlay-type":"","overlay-color":"","overlay-opacity":"","overlay-gradient":""}}},"product_brand":[],"product_cat":[54],"product_tag":[],"class_list":{"0":"post-8497","1":"product","2":"type-product","3":"status-publish","4":"has-post-thumbnail","6":"product_cat-ray","7":"product_shipping_class-easy-parcel","8":"desktop-align-left","9":"tablet-align-left","10":"mobile-align-left","12":"first","13":"instock","14":"sale","15":"shipping-taxable","16":"purchasable","17":"product-type-simple"},"uagb_featured_image_src":{"full":["https:\/\/hassan-mart.com\/wp-content\/uploads\/2024\/02\/1181811-1.jpg",1200,1200,false],"thumbnail":["https:\/\/hassan-mart.com\/wp-content\/uploads\/2024\/02\/1181811-1.jpg",150,150,false],"medium":["https:\/\/hassan-mart.com\/wp-content\/uploads\/2024\/02\/1181811-1.jpg",300,300,false],"medium_large":["https:\/\/hassan-mart.com\/wp-content\/uploads\/2024\/02\/1181811-1.jpg",768,768,false],"large":["https:\/\/hassan-mart.com\/wp-content\/uploads\/2024\/02\/1181811-1.jpg",1024,1024,false],"1536x1536":["https:\/\/hassan-mart.com\/wp-content\/uploads\/2024\/02\/1181811-1.jpg",1200,1200,false],"2048x2048":["https:\/\/hassan-mart.com\/wp-content\/uploads\/2024\/02\/1181811-1.jpg",1200,1200,false],"woocommerce_thumbnail":["https:\/\/hassan-mart.com\/wp-content\/uploads\/2024\/02\/1181811-1-500x500.jpg",500,500,true],"woocommerce_single":["https:\/\/hassan-mart.com\/wp-content\/uploads\/2024\/02\/1181811-1-700x700.jpg",700,700,true],"woocommerce_gallery_thumbnail":["https:\/\/hassan-mart.com\/wp-content\/uploads\/2024\/02\/1181811-1-100x100.jpg",100,100,true],"dgwt-wcas-product-suggestion":["https:\/\/hassan-mart.com\/wp-content\/uploads\/2024\/02\/1181811-1-64x64.jpg",64,64,true],"thaps-thumb-img":["https:\/\/hassan-mart.com\/wp-content\/uploads\/2024\/02\/1181811-1.jpg",48,48,false]},"uagb_author_info":{"display_name":"hassan-mart.com","author_link":"https:\/\/hassan-mart.com\/index.php\/author\/"},"uagb_comment_info":0,"uagb_excerpt":"&#8220;Saffron YAS BEST QUALITY Using saffron as tea is a wonderful way to enjoy its subtle floral and honey-like flavor, along with its potential health benefits [ WHERE TO USE SAFFRON ] \u25c6 Rice dishes: Risotto alla Milanese, paella, biryani \u25c6 Soups and stews: Bouillabaisse, fish soup, creamy vegetable soup \u25c6 Desserts: Cr\u00e8me br\u00fbl\u00e9e, rice&hellip;","_links":{"self":[{"href":"https:\/\/hassan-mart.com\/index.php\/wp-json\/wp\/v2\/product\/8497","targetHints":{"allow":["GET"]}}],"collection":[{"href":"https:\/\/hassan-mart.com\/index.php\/wp-json\/wp\/v2\/product"}],"about":[{"href":"https:\/\/hassan-mart.com\/index.php\/wp-json\/wp\/v2\/types\/product"}],"replies":[{"embeddable":true,"href":"https:\/\/hassan-mart.com\/index.php\/wp-json\/wp\/v2\/comments?post=8497"}],"wp:featuredmedia":[{"embeddable":true,"href":"https:\/\/hassan-mart.com\/index.php\/wp-json\/wp\/v2\/media\/8498"}],"wp:attachment":[{"href":"https:\/\/hassan-mart.com\/index.php\/wp-json\/wp\/v2\/media?parent=8497"}],"wp:term":[{"taxonomy":"product_brand","embeddable":true,"href":"https:\/\/hassan-mart.com\/index.php\/wp-json\/wp\/v2\/product_brand?post=8497"},{"taxonomy":"product_cat","embeddable":true,"href":"https:\/\/hassan-mart.com\/index.php\/wp-json\/wp\/v2\/product_cat?post=8497"},{"taxonomy":"product_tag","embeddable":true,"href":"https:\/\/hassan-mart.com\/index.php\/wp-json\/wp\/v2\/product_tag?post=8497"}],"curies":[{"name":"wp","href":"https:\/\/api.w.org\/{rel}","templated":true}]}}